{"id":394,"date":"2023-04-28T18:29:27","date_gmt":"2023-04-28T21:29:27","guid":{"rendered":"https:\/\/dralidiaendocrinologista.com.br\/?page_id=394"},"modified":"2025-04-08T19:55:36","modified_gmt":"2025-04-08T22:55:36","slug":"bioimpedancia","status":"publish","type":"page","link":"https:\/\/dralidiaendocrinologista.com.br\/index.php\/bioimpedancia\/","title":{"rendered":"Bioimped\u00e2ncia"},"content":{"rendered":"\t\t<div data-elementor-type=\"wp-page\" data-elementor-id=\"394\" class=\"elementor elementor-394\">\n\t\t\t\t<div class=\"elementor-element elementor-element-3863c1c e-con-full e-flex e-con e-parent\" data-id=\"3863c1c\" data-element_type=\"container\">\n\t\t<div class=\"elementor-element elementor-element-3397eaf e-con-full e-flex e-con e-child\" data-id=\"3397eaf\" data-element_type=\"container\">\n\t\t<div class=\"elementor-element elementor-element-46c4ddf e-con-full e-flex e-con e-child\" data-id=\"46c4ddf\" data-element_type=\"container\">\n\t\t\t\t<div class=\"elementor-element elementor-element-fe265e0 exad-sticky-section-no exad-glass-effect-no elementor-widget elementor-widget-heading\" data-id=\"fe265e0\" data-element_type=\"widget\" data-widget_type=\"heading.default\">\n\t\t\t\t<div class=\"elementor-widget-container\">\n\t\t\t\t\t<h2 class=\"elementor-heading-title elementor-size-default\">Bioimped\u00e2ncia<\/h2>\t\t\t\t<\/div>\n\t\t\t\t<\/div>\n\t\t\t\t<div class=\"elementor-element elementor-element-d87206c elementor-align-left elementor-widget__width-initial elementor-mobile-align-center exad-sticky-section-no exad-glass-effect-no elementor-widget elementor-widget-button\" data-id=\"d87206c\" data-element_type=\"widget\" data-widget_type=\"button.default\">\n\t\t\t\t<div class=\"elementor-widget-container\">\n\t\t\t\t\t\t\t\t\t<div class=\"elementor-button-wrapper\">\n\t\t\t\t\t<a class=\"elementor-button elementor-button-link elementor-size-sm elementor-animation-pulse\" href=\"http:\/\/wa.me\/+5567981657885\">\n\t\t\t\t\t\t<span class=\"elementor-button-content-wrapper\">\n\t\t\t\t\t\t<span class=\"elementor-button-icon\">\n\t\t\t\t<i aria-hidden=\"true\" class=\"fab fa-whatsapp\"><\/i>\t\t\t<\/span>\n\t\t\t\t\t\t\t\t\t<span class=\"elementor-button-text\">Agendar consulta<\/span>\n\t\t\t\t\t<\/span>\n\t\t\t\t\t<\/a>\n\t\t\t\t<\/div>\n\t\t\t\t\t\t\t\t<\/div>\n\t\t\t\t<\/div>\n\t\t\t\t<div class=\"elementor-element elementor-element-7b675eb exad-sticky-section-no exad-glass-effect-no elementor-widget elementor-widget-text-editor\" data-id=\"7b675eb\" data-element_type=\"widget\" data-widget_type=\"text-editor.default\">\n\t\t\t\t<div class=\"elementor-widget-container\">\n\t\t\t\t\t\t\t\t\t<p>A bioimped\u00e2ncia \u00e9 um exame n\u00e3o invasivo e indolor realizado em minha consulta para avaliar a composi\u00e7\u00e3o corporal do paciente. Atrav\u00e9s dela avalio a quantidade de gordura, minerais, \u00e1gua e massa muscular presentes em seu corpo.<\/p><p>Nesse exame calcula-se ainda a taxa metab\u00f3lica basal (quantidade de calorias que o corpo gasta ao longo de um dia em repouso). Algumas condi\u00e7\u00f5es como altera\u00e7\u00f5es de tireoide e de massa muscular podem influenciar na taxa metab\u00f3lica, impactando em seu peso.<\/p><p>Ao realizar a bioimped\u00e2ncia na consulta consigo detectar varia\u00e7\u00f5es importantes de massa muscular, al\u00e9m daqueles indiv\u00edduos com metabolismo mais lento, o que ser\u00e1 fundamental para definir estrat\u00e9gias de tratamento.<\/p><p>Os resultados da bioimped\u00e2ncia em cada consulta tamb\u00e9m s\u00e3o utilizados para monitorar o progresso no processo de emagrecimento dos pacientes, garantindo que a perda de peso seja \u00e0s custas de gordura e n\u00e3o de m\u00fasculo. O exame tamb\u00e9m \u00e9 muito \u00fatil para praticantes de atividade f\u00edsica e atletas, que podem utilizar os resultados da bioimped\u00e2ncia para ajustar sua alimenta\u00e7\u00e3o e treinamento de acordo com suas necessidades.<\/p><p>A realiza\u00e7\u00e3o da bioimped\u00e2ncia em minha consulta permite que o seu tratamento seja muito mais detalhado e individualizado.\u200b<\/p>\t\t\t\t\t\t\t\t<\/div>\n\t\t\t\t<\/div>\n\t\t\t\t<\/div>\n\t\t<div class=\"elementor-element elementor-element-fc3d1fe e-con-full e-flex e-con e-child\" data-id=\"fc3d1fe\" data-element_type=\"container\">\n\t\t\t\t<div class=\"elementor-element elementor-element-6718c6c exad-sticky-section-no exad-glass-effect-no elementor-widget elementor-widget-image\" data-id=\"6718c6c\" data-element_type=\"widget\" data-widget_type=\"image.default\">\n\t\t\t\t<div class=\"elementor-widget-container\">\n\t\t\t\t\t\t\t\t\t\t\t\t\t\t\t<img fetchpriority=\"high\" decoding=\"async\" width=\"176\" height=\"400\" src=\"https:\/\/dralidiaendocrinologista.com.br\/wp-content\/uploads\/2023\/05\/921338.jpg\" class=\"attachment-full size-full wp-image-540\" alt=\"\" srcset=\"https:\/\/dralidiaendocrinologista.com.br\/wp-content\/uploads\/2023\/05\/921338.jpg 176w, https:\/\/dralidiaendocrinologista.com.br\/wp-content\/uploads\/2023\/05\/921338-132x300.jpg 132w\" sizes=\"(max-width: 176px) 100vw, 176px\" \/>\t\t\t\t\t\t\t\t\t\t\t\t\t\t\t<\/div>\n\t\t\t\t<\/div>\n\t\t\t\t<\/div>\n\t\t\t\t<\/div>\n\t\t\t\t<\/div>\n\t\t\t\t<\/div>\n\t\t","protected":false},"excerpt":{"rendered":"<p>Bioimped\u00e2ncia Agendar consulta A bioimped\u00e2ncia \u00e9 um exame n\u00e3o invasivo e indolor realizado em minha consulta para avaliar a composi\u00e7\u00e3o corporal do paciente. Atrav\u00e9s dela avalio a quantidade de gordura, minerais, \u00e1gua e massa muscular presentes em seu corpo. Nesse exame calcula-se ainda a taxa metab\u00f3lica basal (quantidade de calorias que o corpo gasta ao [&hellip;]<\/p>\n","protected":false},"author":1,"featured_media":0,"parent":0,"menu_order":0,"comment_status":"closed","ping_status":"closed","template":"elementor_header_footer","meta":{"_themeisle_gutenberg_block_has_review":false,"footnotes":""},"class_list":["post-394","page","type-page","status-publish","hentry"],"yoast_head":"<!-- This site is optimized with the Yoast SEO plugin v24.9 - https:\/\/yoast.com\/wordpress\/plugins\/seo\/ -->\n<title>Bioimped\u00e2ncia Dra. L\u00eddia Gon\u00e7alves - Endocrinologista Campo Grande - MS<\/title>\n<meta name=\"description\" content=\"Atendimento de adultos e crian\u00e7as com foco em altera\u00e7\u00f5es hormonais e emagrecimento\" \/>\n<meta name=\"robots\" content=\"index, follow, max-snippet:-1, max-image-preview:large, max-video-preview:-1\" \/>\n<link rel=\"canonical\" href=\"https:\/\/dralidiaendocrinologista.com.br\/index.php\/bioimpedancia\/\" \/>\n<meta property=\"og:locale\" content=\"pt_BR\" \/>\n<meta property=\"og:type\" content=\"article\" \/>\n<meta property=\"og:title\" content=\"Bioimped\u00e2ncia Dra. L\u00eddia Gon\u00e7alves - Endocrinologista Campo Grande - MS\" \/>\n<meta property=\"og:description\" content=\"Atendimento de adultos e crian\u00e7as com foco em altera\u00e7\u00f5es hormonais e emagrecimento\" \/>\n<meta property=\"og:url\" content=\"https:\/\/dralidiaendocrinologista.com.br\/index.php\/bioimpedancia\/\" \/>\n<meta property=\"og:site_name\" content=\"Dra. L\u00eddia Gon\u00e7alves - Endocrinologista Campo Grande - MS\" \/>\n<meta property=\"article:modified_time\" content=\"2025-04-08T22:55:36+00:00\" \/>\n<meta property=\"og:image\" content=\"http:\/\/dralidiaendocrinologista.com.br\/wp-content\/uploads\/2023\/05\/921338.jpg\" \/>\n<meta name=\"twitter:card\" content=\"summary_large_image\" \/>\n<meta name=\"twitter:label1\" content=\"Est. tempo de leitura\" \/>\n\t<meta name=\"twitter:data1\" content=\"2 minutos\" \/>\n<script type=\"application\/ld+json\" class=\"yoast-schema-graph\">{\"@context\":\"https:\/\/schema.org\",\"@graph\":[{\"@type\":\"WebPage\",\"@id\":\"https:\/\/dralidiaendocrinologista.com.br\/index.php\/bioimpedancia\/\",\"url\":\"https:\/\/dralidiaendocrinologista.com.br\/index.php\/bioimpedancia\/\",\"name\":\"Bioimped\u00e2ncia Dra. L\u00eddia Gon\u00e7alves - Endocrinologista Campo Grande - MS\",\"isPartOf\":{\"@id\":\"https:\/\/dralidiaendocrinologista.com.br\/#website\"},\"primaryImageOfPage\":{\"@id\":\"https:\/\/dralidiaendocrinologista.com.br\/index.php\/bioimpedancia\/#primaryimage\"},\"image\":{\"@id\":\"https:\/\/dralidiaendocrinologista.com.br\/index.php\/bioimpedancia\/#primaryimage\"},\"thumbnailUrl\":\"http:\/\/dralidiaendocrinologista.com.br\/wp-content\/uploads\/2023\/05\/921338.jpg\",\"datePublished\":\"2023-04-28T21:29:27+00:00\",\"dateModified\":\"2025-04-08T22:55:36+00:00\",\"description\":\"Atendimento de adultos e crian\u00e7as com foco em altera\u00e7\u00f5es hormonais e emagrecimento\",\"breadcrumb\":{\"@id\":\"https:\/\/dralidiaendocrinologista.com.br\/index.php\/bioimpedancia\/#breadcrumb\"},\"inLanguage\":\"pt-BR\",\"potentialAction\":[{\"@type\":\"ReadAction\",\"target\":[\"https:\/\/dralidiaendocrinologista.com.br\/index.php\/bioimpedancia\/\"]}]},{\"@type\":\"ImageObject\",\"inLanguage\":\"pt-BR\",\"@id\":\"https:\/\/dralidiaendocrinologista.com.br\/index.php\/bioimpedancia\/#primaryimage\",\"url\":\"http:\/\/dralidiaendocrinologista.com.br\/wp-content\/uploads\/2023\/05\/921338.jpg\",\"contentUrl\":\"http:\/\/dralidiaendocrinologista.com.br\/wp-content\/uploads\/2023\/05\/921338.jpg\"},{\"@type\":\"BreadcrumbList\",\"@id\":\"https:\/\/dralidiaendocrinologista.com.br\/index.php\/bioimpedancia\/#breadcrumb\",\"itemListElement\":[{\"@type\":\"ListItem\",\"position\":1,\"name\":\"In\u00edcio\",\"item\":\"https:\/\/dralidiaendocrinologista.com.br\/\"},{\"@type\":\"ListItem\",\"position\":2,\"name\":\"Bioimped\u00e2ncia\"}]},{\"@type\":\"WebSite\",\"@id\":\"https:\/\/dralidiaendocrinologista.com.br\/#website\",\"url\":\"https:\/\/dralidiaendocrinologista.com.br\/\",\"name\":\"Dra. L\u00eddia Gon\u00e7alves - Endocrinologista Campo Grande - MS\",\"description\":\"Atendimento de adultos e crian\u00e7as, presencial e por telemedicina\",\"publisher\":{\"@id\":\"https:\/\/dralidiaendocrinologista.com.br\/#organization\"},\"potentialAction\":[{\"@type\":\"SearchAction\",\"target\":{\"@type\":\"EntryPoint\",\"urlTemplate\":\"https:\/\/dralidiaendocrinologista.com.br\/?s={search_term_string}\"},\"query-input\":{\"@type\":\"PropertyValueSpecification\",\"valueRequired\":true,\"valueName\":\"search_term_string\"}}],\"inLanguage\":\"pt-BR\"},{\"@type\":\"Organization\",\"@id\":\"https:\/\/dralidiaendocrinologista.com.br\/#organization\",\"name\":\"Dra. L\u00eddia Gon\u00e7alves - Endocrinologista Campo Grande - MS\",\"url\":\"https:\/\/dralidiaendocrinologista.com.br\/\",\"logo\":{\"@type\":\"ImageObject\",\"inLanguage\":\"pt-BR\",\"@id\":\"https:\/\/dralidiaendocrinologista.com.br\/#\/schema\/logo\/image\/\",\"url\":\"https:\/\/dralidiaendocrinologista.com.br\/wp-content\/uploads\/2023\/03\/cropped-Dra02-e1683662967580.png\",\"contentUrl\":\"https:\/\/dralidiaendocrinologista.com.br\/wp-content\/uploads\/2023\/03\/cropped-Dra02-e1683662967580.png\",\"width\":142,\"height\":72,\"caption\":\"Dra. L\u00eddia Gon\u00e7alves - Endocrinologista Campo Grande - MS\"},\"image\":{\"@id\":\"https:\/\/dralidiaendocrinologista.com.br\/#\/schema\/logo\/image\/\"}}]}<\/script>\n<!-- \/ Yoast SEO plugin. -->","yoast_head_json":{"title":"Bioimped\u00e2ncia Dra. L\u00eddia Gon\u00e7alves - Endocrinologista Campo Grande - MS","description":"Atendimento de adultos e crian\u00e7as com foco em altera\u00e7\u00f5es hormonais e emagrecimento","robots":{"index":"index","follow":"follow","max-snippet":"max-snippet:-1","max-image-preview":"max-image-preview:large","max-video-preview":"max-video-preview:-1"},"canonical":"https:\/\/dralidiaendocrinologista.com.br\/index.php\/bioimpedancia\/","og_locale":"pt_BR","og_type":"article","og_title":"Bioimped\u00e2ncia Dra. L\u00eddia Gon\u00e7alves - Endocrinologista Campo Grande - MS","og_description":"Atendimento de adultos e crian\u00e7as com foco em altera\u00e7\u00f5es hormonais e emagrecimento","og_url":"https:\/\/dralidiaendocrinologista.com.br\/index.php\/bioimpedancia\/","og_site_name":"Dra. L\u00eddia Gon\u00e7alves - Endocrinologista Campo Grande - MS","article_modified_time":"2025-04-08T22:55:36+00:00","og_image":[{"url":"http:\/\/dralidiaendocrinologista.com.br\/wp-content\/uploads\/2023\/05\/921338.jpg","type":"","width":"","height":""}],"twitter_card":"summary_large_image","twitter_misc":{"Est. tempo de leitura":"2 minutos"},"schema":{"@context":"https:\/\/schema.org","@graph":[{"@type":"WebPage","@id":"https:\/\/dralidiaendocrinologista.com.br\/index.php\/bioimpedancia\/","url":"https:\/\/dralidiaendocrinologista.com.br\/index.php\/bioimpedancia\/","name":"Bioimped\u00e2ncia Dra. L\u00eddia Gon\u00e7alves - Endocrinologista Campo Grande - MS","isPartOf":{"@id":"https:\/\/dralidiaendocrinologista.com.br\/#website"},"primaryImageOfPage":{"@id":"https:\/\/dralidiaendocrinologista.com.br\/index.php\/bioimpedancia\/#primaryimage"},"image":{"@id":"https:\/\/dralidiaendocrinologista.com.br\/index.php\/bioimpedancia\/#primaryimage"},"thumbnailUrl":"http:\/\/dralidiaendocrinologista.com.br\/wp-content\/uploads\/2023\/05\/921338.jpg","datePublished":"2023-04-28T21:29:27+00:00","dateModified":"2025-04-08T22:55:36+00:00","description":"Atendimento de adultos e crian\u00e7as com foco em altera\u00e7\u00f5es hormonais e emagrecimento","breadcrumb":{"@id":"https:\/\/dralidiaendocrinologista.com.br\/index.php\/bioimpedancia\/#breadcrumb"},"inLanguage":"pt-BR","potentialAction":[{"@type":"ReadAction","target":["https:\/\/dralidiaendocrinologista.com.br\/index.php\/bioimpedancia\/"]}]},{"@type":"ImageObject","inLanguage":"pt-BR","@id":"https:\/\/dralidiaendocrinologista.com.br\/index.php\/bioimpedancia\/#primaryimage","url":"http:\/\/dralidiaendocrinologista.com.br\/wp-content\/uploads\/2023\/05\/921338.jpg","contentUrl":"http:\/\/dralidiaendocrinologista.com.br\/wp-content\/uploads\/2023\/05\/921338.jpg"},{"@type":"BreadcrumbList","@id":"https:\/\/dralidiaendocrinologista.com.br\/index.php\/bioimpedancia\/#breadcrumb","itemListElement":[{"@type":"ListItem","position":1,"name":"In\u00edcio","item":"https:\/\/dralidiaendocrinologista.com.br\/"},{"@type":"ListItem","position":2,"name":"Bioimped\u00e2ncia"}]},{"@type":"WebSite","@id":"https:\/\/dralidiaendocrinologista.com.br\/#website","url":"https:\/\/dralidiaendocrinologista.com.br\/","name":"Dra. L\u00eddia Gon\u00e7alves - Endocrinologista Campo Grande - MS","description":"Atendimento de adultos e crian\u00e7as, presencial e por telemedicina","publisher":{"@id":"https:\/\/dralidiaendocrinologista.com.br\/#organization"},"potentialAction":[{"@type":"SearchAction","target":{"@type":"EntryPoint","urlTemplate":"https:\/\/dralidiaendocrinologista.com.br\/?s={search_term_string}"},"query-input":{"@type":"PropertyValueSpecification","valueRequired":true,"valueName":"search_term_string"}}],"inLanguage":"pt-BR"},{"@type":"Organization","@id":"https:\/\/dralidiaendocrinologista.com.br\/#organization","name":"Dra. L\u00eddia Gon\u00e7alves - Endocrinologista Campo Grande - MS","url":"https:\/\/dralidiaendocrinologista.com.br\/","logo":{"@type":"ImageObject","inLanguage":"pt-BR","@id":"https:\/\/dralidiaendocrinologista.com.br\/#\/schema\/logo\/image\/","url":"https:\/\/dralidiaendocrinologista.com.br\/wp-content\/uploads\/2023\/03\/cropped-Dra02-e1683662967580.png","contentUrl":"https:\/\/dralidiaendocrinologista.com.br\/wp-content\/uploads\/2023\/03\/cropped-Dra02-e1683662967580.png","width":142,"height":72,"caption":"Dra. L\u00eddia Gon\u00e7alves - Endocrinologista Campo Grande - MS"},"image":{"@id":"https:\/\/dralidiaendocrinologista.com.br\/#\/schema\/logo\/image\/"}}]}},"_links":{"self":[{"href":"https:\/\/dralidiaendocrinologista.com.br\/index.php\/wp-json\/wp\/v2\/pages\/394","targetHints":{"allow":["GET"]}}],"collection":[{"href":"https:\/\/dralidiaendocrinologista.com.br\/index.php\/wp-json\/wp\/v2\/pages"}],"about":[{"href":"https:\/\/dralidiaendocrinologista.com.br\/index.php\/wp-json\/wp\/v2\/types\/page"}],"author":[{"embeddable":true,"href":"https:\/\/dralidiaendocrinologista.com.br\/index.php\/wp-json\/wp\/v2\/users\/1"}],"replies":[{"embeddable":true,"href":"https:\/\/dralidiaendocrinologista.com.br\/index.php\/wp-json\/wp\/v2\/comments?post=394"}],"version-history":[{"count":13,"href":"https:\/\/dralidiaendocrinologista.com.br\/index.php\/wp-json\/wp\/v2\/pages\/394\/revisions"}],"predecessor-version":[{"id":1034,"href":"https:\/\/dralidiaendocrinologista.com.br\/index.php\/wp-json\/wp\/v2\/pages\/394\/revisions\/1034"}],"wp:attachment":[{"href":"https:\/\/dralidiaendocrinologista.com.br\/index.php\/wp-json\/wp\/v2\/media?parent=394"}],"curies":[{"name":"wp","href":"https:\/\/api.w.org\/{rel}","templated":true}]}}