{"id":392,"date":"2023-04-28T18:29:04","date_gmt":"2023-04-28T21:29:04","guid":{"rendered":"https:\/\/dralidiaendocrinologista.com.br\/?page_id=392"},"modified":"2025-04-15T12:33:29","modified_gmt":"2025-04-15T15:33:29","slug":"espiritualidade","status":"publish","type":"page","link":"https:\/\/dralidiaendocrinologista.com.br\/index.php\/espiritualidade\/","title":{"rendered":"Espiritualidade"},"content":{"rendered":"\t\t<div data-elementor-type=\"wp-page\" data-elementor-id=\"392\" class=\"elementor elementor-392\">\n\t\t\t\t<div class=\"elementor-element elementor-element-b8ce79f e-con-full e-flex e-con e-parent\" data-id=\"b8ce79f\" data-element_type=\"container\">\n\t\t<div class=\"elementor-element elementor-element-19258f8 e-con-full e-flex e-con e-child\" data-id=\"19258f8\" data-element_type=\"container\">\n\t\t<div class=\"elementor-element elementor-element-63add18 e-con-full e-transform e-transform e-transform e-flex e-con e-child\" data-id=\"63add18\" data-element_type=\"container\" data-settings=\"{&quot;_transform_rotateZ_effect&quot;:{&quot;unit&quot;:&quot;px&quot;,&quot;size&quot;:&quot;&quot;,&quot;sizes&quot;:[]},&quot;_transform_rotateZ_effect_tablet&quot;:{&quot;unit&quot;:&quot;deg&quot;,&quot;size&quot;:&quot;&quot;,&quot;sizes&quot;:[]},&quot;_transform_rotateZ_effect_mobile&quot;:{&quot;unit&quot;:&quot;deg&quot;,&quot;size&quot;:&quot;&quot;,&quot;sizes&quot;:[]},&quot;_transform_translateX_effect&quot;:{&quot;unit&quot;:&quot;px&quot;,&quot;size&quot;:&quot;&quot;,&quot;sizes&quot;:[]},&quot;_transform_translateX_effect_tablet&quot;:{&quot;unit&quot;:&quot;px&quot;,&quot;size&quot;:&quot;&quot;,&quot;sizes&quot;:[]},&quot;_transform_translateX_effect_mobile&quot;:{&quot;unit&quot;:&quot;px&quot;,&quot;size&quot;:&quot;&quot;,&quot;sizes&quot;:[]},&quot;_transform_translateY_effect&quot;:{&quot;unit&quot;:&quot;px&quot;,&quot;size&quot;:&quot;&quot;,&quot;sizes&quot;:[]},&quot;_transform_translateY_effect_tablet&quot;:{&quot;unit&quot;:&quot;px&quot;,&quot;size&quot;:&quot;&quot;,&quot;sizes&quot;:[]},&quot;_transform_translateY_effect_mobile&quot;:{&quot;unit&quot;:&quot;px&quot;,&quot;size&quot;:&quot;&quot;,&quot;sizes&quot;:[]},&quot;_transform_skewX_effect&quot;:{&quot;unit&quot;:&quot;px&quot;,&quot;size&quot;:&quot;&quot;,&quot;sizes&quot;:[]},&quot;_transform_skewX_effect_tablet&quot;:{&quot;unit&quot;:&quot;deg&quot;,&quot;size&quot;:&quot;&quot;,&quot;sizes&quot;:[]},&quot;_transform_skewX_effect_mobile&quot;:{&quot;unit&quot;:&quot;deg&quot;,&quot;size&quot;:&quot;&quot;,&quot;sizes&quot;:[]},&quot;_transform_skewY_effect&quot;:{&quot;unit&quot;:&quot;px&quot;,&quot;size&quot;:&quot;&quot;,&quot;sizes&quot;:[]},&quot;_transform_skewY_effect_tablet&quot;:{&quot;unit&quot;:&quot;deg&quot;,&quot;size&quot;:&quot;&quot;,&quot;sizes&quot;:[]},&quot;_transform_skewY_effect_mobile&quot;:{&quot;unit&quot;:&quot;deg&quot;,&quot;size&quot;:&quot;&quot;,&quot;sizes&quot;:[]}}\">\n\t\t\t\t<div class=\"elementor-element elementor-element-b2daf19 exad-sticky-section-no exad-glass-effect-no elementor-widget elementor-widget-heading\" data-id=\"b2daf19\" data-element_type=\"widget\" data-widget_type=\"heading.default\">\n\t\t\t\t<div class=\"elementor-widget-container\">\n\t\t\t\t\t<h2 class=\"elementor-heading-title elementor-size-default\">Espiritualidade<\/h2>\t\t\t\t<\/div>\n\t\t\t\t<\/div>\n\t\t\t\t<div class=\"elementor-element elementor-element-09b9d3b elementor-align-left elementor-widget__width-initial elementor-mobile-align-center exad-sticky-section-no exad-glass-effect-no elementor-widget elementor-widget-button\" data-id=\"09b9d3b\" data-element_type=\"widget\" data-widget_type=\"button.default\">\n\t\t\t\t<div class=\"elementor-widget-container\">\n\t\t\t\t\t\t\t\t\t<div class=\"elementor-button-wrapper\">\n\t\t\t\t\t<a class=\"elementor-button elementor-button-link elementor-size-sm elementor-animation-pulse\" href=\"http:\/\/wa.me\/+5567981657885\">\n\t\t\t\t\t\t<span class=\"elementor-button-content-wrapper\">\n\t\t\t\t\t\t<span class=\"elementor-button-icon\">\n\t\t\t\t<i aria-hidden=\"true\" class=\"fab fa-whatsapp\"><\/i>\t\t\t<\/span>\n\t\t\t\t\t\t\t\t\t<span class=\"elementor-button-text\">Agendar consulta<\/span>\n\t\t\t\t\t<\/span>\n\t\t\t\t\t<\/a>\n\t\t\t\t<\/div>\n\t\t\t\t\t\t\t\t<\/div>\n\t\t\t\t<\/div>\n\t\t\t\t<div class=\"elementor-element elementor-element-e94aa8a exad-sticky-section-no exad-glass-effect-no elementor-widget elementor-widget-text-editor\" data-id=\"e94aa8a\" data-element_type=\"widget\" data-widget_type=\"text-editor.default\">\n\t\t\t\t<div class=\"elementor-widget-container\">\n\t\t\t\t\t\t\t\t\t<p>A palavra Espiritualidade pode adquirir diferentes sentidos e significados para cada um. Nesse cen\u00e1rio amplo, muitos autores sugerem que o termo possa ser entendido como <strong><span style=\"color: var(--e-global-color-primary);\">\u201ca busca de cada indiv\u00edduo por sentido, significado e prop\u00f3sito para a pr\u00f3pria vida\u201d<\/span><\/strong>. Essa busca adquire formatos e coloridos particulares na viv\u00eancia de cada um.<\/p><p>Alguns indiv\u00edduos realizam essa jornada atrav\u00e9s de alguma religi\u00e3o, outros n\u00e3o. Independente disso, a forma como cada um de n\u00f3s se relaciona com aquilo que considera significativo e sagrado impacta em nossas escolhas, prioridades, relacionamentos e com aquilo que consideramos importante em nossa sa\u00fade.<\/p><p>Extensa literatura cient\u00edfica nos mostra o quanto os aspectos de espiritualidade impactam na sa\u00fade f\u00edsica e mental dos indiv\u00edduos, em sua qualidade de vida e mesmo em decis\u00f5es m\u00e9dicas compartilhadas.<br \/><br \/>Para mim, valorizar e integrar esses aspectos no cuidado de cada paciente significa colocar como valoroso e central aquilo que \u00e9 significativo para cada um e, a partir da\u00ed, e em alinhamento com esses valores, tra\u00e7ar um roteiro em dire\u00e7\u00e3o \u00e0 sa\u00fade. Conte comigo para olhar com todo respeito para aquilo que voc\u00ea considerar sagrado em sua jornada.<\/p>\t\t\t\t\t\t\t\t<\/div>\n\t\t\t\t<\/div>\n\t\t\t\t<\/div>\n\t\t<div class=\"elementor-element elementor-element-0087c7c e-con-full e-flex e-con e-child\" data-id=\"0087c7c\" data-element_type=\"container\">\n\t\t\t\t<div class=\"elementor-element elementor-element-c62d585 exad-sticky-section-no exad-glass-effect-no elementor-widget elementor-widget-image\" data-id=\"c62d585\" data-element_type=\"widget\" data-widget_type=\"image.default\">\n\t\t\t\t<div class=\"elementor-widget-container\">\n\t\t\t\t\t\t\t\t\t\t\t\t\t\t\t<img decoding=\"async\" data-src=\"https:\/\/dralidiaendocrinologista.com.br\/wp-content\/uploads\/2023\/04\/Edilson-Dias-0054-scaled-e1683663380195.jpg\" title=\"Edilson Dias-0054\" alt=\"Edilson Dias-0054\" src=\"data:image\/gif;base64,R0lGODlhAQABAAAAACH5BAEKAAEALAAAAAABAAEAAAICTAEAOw==\" class=\"lazyload\" \/>\t\t\t\t\t\t\t\t\t\t\t\t\t\t\t<\/div>\n\t\t\t\t<\/div>\n\t\t\t\t<\/div>\n\t\t\t\t<\/div>\n\t\t\t\t<\/div>\n\t\t\t\t<\/div>\n\t\t","protected":false},"excerpt":{"rendered":"<p>Espiritualidade Agendar consulta A palavra Espiritualidade pode adquirir diferentes sentidos e significados para cada um. Nesse cen\u00e1rio amplo, muitos autores sugerem que o termo possa ser entendido como \u201ca busca de cada indiv\u00edduo por sentido, significado e prop\u00f3sito para a pr\u00f3pria vida\u201d. Essa busca adquire formatos e coloridos particulares na viv\u00eancia de cada um. Alguns [&hellip;]<\/p>\n","protected":false},"author":1,"featured_media":0,"parent":0,"menu_order":0,"comment_status":"closed","ping_status":"closed","template":"elementor_header_footer","meta":{"_themeisle_gutenberg_block_has_review":false,"footnotes":""},"class_list":["post-392","page","type-page","status-publish","hentry"],"yoast_head":"<!-- This site is optimized with the Yoast SEO plugin v24.9 - https:\/\/yoast.com\/wordpress\/plugins\/seo\/ -->\n<title>Espiritualidade - Dra. L\u00eddia Gon\u00e7alves - Endocrinologista Campo Grande - MS<\/title>\n<meta name=\"description\" content=\"Atendimento de adultos e crian\u00e7as com foco em altera\u00e7\u00f5es hormonais e emagrecimento\" \/>\n<meta name=\"robots\" content=\"index, follow, max-snippet:-1, max-image-preview:large, max-video-preview:-1\" \/>\n<link rel=\"canonical\" href=\"https:\/\/dralidiaendocrinologista.com.br\/index.php\/espiritualidade\/\" \/>\n<meta property=\"og:locale\" content=\"pt_BR\" \/>\n<meta property=\"og:type\" content=\"article\" \/>\n<meta property=\"og:title\" content=\"Espiritualidade - Dra. L\u00eddia Gon\u00e7alves - Endocrinologista Campo Grande - MS\" \/>\n<meta property=\"og:description\" content=\"Atendimento de adultos e crian\u00e7as com foco em altera\u00e7\u00f5es hormonais e emagrecimento\" \/>\n<meta property=\"og:url\" content=\"https:\/\/dralidiaendocrinologista.com.br\/index.php\/espiritualidade\/\" \/>\n<meta property=\"og:site_name\" content=\"Dra. L\u00eddia Gon\u00e7alves - Endocrinologista Campo Grande - MS\" \/>\n<meta property=\"article:modified_time\" content=\"2025-04-15T15:33:29+00:00\" \/>\n<meta property=\"og:image\" content=\"http:\/\/dralidiaendocrinologista.com.br\/wp-content\/uploads\/elementor\/thumbs\/Edilson-Dias-0054-scaled-e1683663380195-r40nio4gnaq32nkvi96qpwogbm1g6i9re9nme9mtj4.jpg\" \/>\n<meta name=\"twitter:card\" content=\"summary_large_image\" \/>\n<meta name=\"twitter:label1\" content=\"Est. tempo de leitura\" \/>\n\t<meta name=\"twitter:data1\" content=\"2 minutos\" \/>\n<script type=\"application\/ld+json\" class=\"yoast-schema-graph\">{\"@context\":\"https:\/\/schema.org\",\"@graph\":[{\"@type\":\"WebPage\",\"@id\":\"https:\/\/dralidiaendocrinologista.com.br\/index.php\/espiritualidade\/\",\"url\":\"https:\/\/dralidiaendocrinologista.com.br\/index.php\/espiritualidade\/\",\"name\":\"Espiritualidade - Dra. L\u00eddia Gon\u00e7alves - Endocrinologista Campo Grande - MS\",\"isPartOf\":{\"@id\":\"https:\/\/dralidiaendocrinologista.com.br\/#website\"},\"primaryImageOfPage\":{\"@id\":\"https:\/\/dralidiaendocrinologista.com.br\/index.php\/espiritualidade\/#primaryimage\"},\"image\":{\"@id\":\"https:\/\/dralidiaendocrinologista.com.br\/index.php\/espiritualidade\/#primaryimage\"},\"thumbnailUrl\":\"http:\/\/dralidiaendocrinologista.com.br\/wp-content\/uploads\/elementor\/thumbs\/Edilson-Dias-0054-scaled-e1683663380195-r40nio4gnaq32nkvi96qpwogbm1g6i9re9nme9mtj4.jpg\",\"datePublished\":\"2023-04-28T21:29:04+00:00\",\"dateModified\":\"2025-04-15T15:33:29+00:00\",\"description\":\"Atendimento de adultos e crian\u00e7as com foco em altera\u00e7\u00f5es hormonais e emagrecimento\",\"breadcrumb\":{\"@id\":\"https:\/\/dralidiaendocrinologista.com.br\/index.php\/espiritualidade\/#breadcrumb\"},\"inLanguage\":\"pt-BR\",\"potentialAction\":[{\"@type\":\"ReadAction\",\"target\":[\"https:\/\/dralidiaendocrinologista.com.br\/index.php\/espiritualidade\/\"]}]},{\"@type\":\"ImageObject\",\"inLanguage\":\"pt-BR\",\"@id\":\"https:\/\/dralidiaendocrinologista.com.br\/index.php\/espiritualidade\/#primaryimage\",\"url\":\"http:\/\/dralidiaendocrinologista.com.br\/wp-content\/uploads\/elementor\/thumbs\/Edilson-Dias-0054-scaled-e1683663380195-r40nio4gnaq32nkvi96qpwogbm1g6i9re9nme9mtj4.jpg\",\"contentUrl\":\"http:\/\/dralidiaendocrinologista.com.br\/wp-content\/uploads\/elementor\/thumbs\/Edilson-Dias-0054-scaled-e1683663380195-r40nio4gnaq32nkvi96qpwogbm1g6i9re9nme9mtj4.jpg\"},{\"@type\":\"BreadcrumbList\",\"@id\":\"https:\/\/dralidiaendocrinologista.com.br\/index.php\/espiritualidade\/#breadcrumb\",\"itemListElement\":[{\"@type\":\"ListItem\",\"position\":1,\"name\":\"In\u00edcio\",\"item\":\"https:\/\/dralidiaendocrinologista.com.br\/\"},{\"@type\":\"ListItem\",\"position\":2,\"name\":\"Espiritualidade\"}]},{\"@type\":\"WebSite\",\"@id\":\"https:\/\/dralidiaendocrinologista.com.br\/#website\",\"url\":\"https:\/\/dralidiaendocrinologista.com.br\/\",\"name\":\"Dra. L\u00eddia Gon\u00e7alves - Endocrinologista Campo Grande - MS\",\"description\":\"Atendimento de adultos e crian\u00e7as, presencial e por telemedicina\",\"publisher\":{\"@id\":\"https:\/\/dralidiaendocrinologista.com.br\/#organization\"},\"potentialAction\":[{\"@type\":\"SearchAction\",\"target\":{\"@type\":\"EntryPoint\",\"urlTemplate\":\"https:\/\/dralidiaendocrinologista.com.br\/?s={search_term_string}\"},\"query-input\":{\"@type\":\"PropertyValueSpecification\",\"valueRequired\":true,\"valueName\":\"search_term_string\"}}],\"inLanguage\":\"pt-BR\"},{\"@type\":\"Organization\",\"@id\":\"https:\/\/dralidiaendocrinologista.com.br\/#organization\",\"name\":\"Dra. L\u00eddia Gon\u00e7alves - Endocrinologista Campo Grande - MS\",\"url\":\"https:\/\/dralidiaendocrinologista.com.br\/\",\"logo\":{\"@type\":\"ImageObject\",\"inLanguage\":\"pt-BR\",\"@id\":\"https:\/\/dralidiaendocrinologista.com.br\/#\/schema\/logo\/image\/\",\"url\":\"https:\/\/dralidiaendocrinologista.com.br\/wp-content\/uploads\/2023\/03\/cropped-Dra02-e1683662967580.png\",\"contentUrl\":\"https:\/\/dralidiaendocrinologista.com.br\/wp-content\/uploads\/2023\/03\/cropped-Dra02-e1683662967580.png\",\"width\":142,\"height\":72,\"caption\":\"Dra. L\u00eddia Gon\u00e7alves - Endocrinologista Campo Grande - MS\"},\"image\":{\"@id\":\"https:\/\/dralidiaendocrinologista.com.br\/#\/schema\/logo\/image\/\"}}]}<\/script>\n<!-- \/ Yoast SEO plugin. -->","yoast_head_json":{"title":"Espiritualidade - Dra. L\u00eddia Gon\u00e7alves - Endocrinologista Campo Grande - MS","description":"Atendimento de adultos e crian\u00e7as com foco em altera\u00e7\u00f5es hormonais e emagrecimento","robots":{"index":"index","follow":"follow","max-snippet":"max-snippet:-1","max-image-preview":"max-image-preview:large","max-video-preview":"max-video-preview:-1"},"canonical":"https:\/\/dralidiaendocrinologista.com.br\/index.php\/espiritualidade\/","og_locale":"pt_BR","og_type":"article","og_title":"Espiritualidade - Dra. L\u00eddia Gon\u00e7alves - Endocrinologista Campo Grande - MS","og_description":"Atendimento de adultos e crian\u00e7as com foco em altera\u00e7\u00f5es hormonais e emagrecimento","og_url":"https:\/\/dralidiaendocrinologista.com.br\/index.php\/espiritualidade\/","og_site_name":"Dra. L\u00eddia Gon\u00e7alves - Endocrinologista Campo Grande - MS","article_modified_time":"2025-04-15T15:33:29+00:00","og_image":[{"url":"http:\/\/dralidiaendocrinologista.com.br\/wp-content\/uploads\/elementor\/thumbs\/Edilson-Dias-0054-scaled-e1683663380195-r40nio4gnaq32nkvi96qpwogbm1g6i9re9nme9mtj4.jpg","type":"","width":"","height":""}],"twitter_card":"summary_large_image","twitter_misc":{"Est. tempo de leitura":"2 minutos"},"schema":{"@context":"https:\/\/schema.org","@graph":[{"@type":"WebPage","@id":"https:\/\/dralidiaendocrinologista.com.br\/index.php\/espiritualidade\/","url":"https:\/\/dralidiaendocrinologista.com.br\/index.php\/espiritualidade\/","name":"Espiritualidade - Dra. L\u00eddia Gon\u00e7alves - Endocrinologista Campo Grande - MS","isPartOf":{"@id":"https:\/\/dralidiaendocrinologista.com.br\/#website"},"primaryImageOfPage":{"@id":"https:\/\/dralidiaendocrinologista.com.br\/index.php\/espiritualidade\/#primaryimage"},"image":{"@id":"https:\/\/dralidiaendocrinologista.com.br\/index.php\/espiritualidade\/#primaryimage"},"thumbnailUrl":"http:\/\/dralidiaendocrinologista.com.br\/wp-content\/uploads\/elementor\/thumbs\/Edilson-Dias-0054-scaled-e1683663380195-r40nio4gnaq32nkvi96qpwogbm1g6i9re9nme9mtj4.jpg","datePublished":"2023-04-28T21:29:04+00:00","dateModified":"2025-04-15T15:33:29+00:00","description":"Atendimento de adultos e crian\u00e7as com foco em altera\u00e7\u00f5es hormonais e emagrecimento","breadcrumb":{"@id":"https:\/\/dralidiaendocrinologista.com.br\/index.php\/espiritualidade\/#breadcrumb"},"inLanguage":"pt-BR","potentialAction":[{"@type":"ReadAction","target":["https:\/\/dralidiaendocrinologista.com.br\/index.php\/espiritualidade\/"]}]},{"@type":"ImageObject","inLanguage":"pt-BR","@id":"https:\/\/dralidiaendocrinologista.com.br\/index.php\/espiritualidade\/#primaryimage","url":"http:\/\/dralidiaendocrinologista.com.br\/wp-content\/uploads\/elementor\/thumbs\/Edilson-Dias-0054-scaled-e1683663380195-r40nio4gnaq32nkvi96qpwogbm1g6i9re9nme9mtj4.jpg","contentUrl":"http:\/\/dralidiaendocrinologista.com.br\/wp-content\/uploads\/elementor\/thumbs\/Edilson-Dias-0054-scaled-e1683663380195-r40nio4gnaq32nkvi96qpwogbm1g6i9re9nme9mtj4.jpg"},{"@type":"BreadcrumbList","@id":"https:\/\/dralidiaendocrinologista.com.br\/index.php\/espiritualidade\/#breadcrumb","itemListElement":[{"@type":"ListItem","position":1,"name":"In\u00edcio","item":"https:\/\/dralidiaendocrinologista.com.br\/"},{"@type":"ListItem","position":2,"name":"Espiritualidade"}]},{"@type":"WebSite","@id":"https:\/\/dralidiaendocrinologista.com.br\/#website","url":"https:\/\/dralidiaendocrinologista.com.br\/","name":"Dra. L\u00eddia Gon\u00e7alves - Endocrinologista Campo Grande - MS","description":"Atendimento de adultos e crian\u00e7as, presencial e por telemedicina","publisher":{"@id":"https:\/\/dralidiaendocrinologista.com.br\/#organization"},"potentialAction":[{"@type":"SearchAction","target":{"@type":"EntryPoint","urlTemplate":"https:\/\/dralidiaendocrinologista.com.br\/?s={search_term_string}"},"query-input":{"@type":"PropertyValueSpecification","valueRequired":true,"valueName":"search_term_string"}}],"inLanguage":"pt-BR"},{"@type":"Organization","@id":"https:\/\/dralidiaendocrinologista.com.br\/#organization","name":"Dra. L\u00eddia Gon\u00e7alves - Endocrinologista Campo Grande - MS","url":"https:\/\/dralidiaendocrinologista.com.br\/","logo":{"@type":"ImageObject","inLanguage":"pt-BR","@id":"https:\/\/dralidiaendocrinologista.com.br\/#\/schema\/logo\/image\/","url":"https:\/\/dralidiaendocrinologista.com.br\/wp-content\/uploads\/2023\/03\/cropped-Dra02-e1683662967580.png","contentUrl":"https:\/\/dralidiaendocrinologista.com.br\/wp-content\/uploads\/2023\/03\/cropped-Dra02-e1683662967580.png","width":142,"height":72,"caption":"Dra. L\u00eddia Gon\u00e7alves - Endocrinologista Campo Grande - MS"},"image":{"@id":"https:\/\/dralidiaendocrinologista.com.br\/#\/schema\/logo\/image\/"}}]}},"_links":{"self":[{"href":"https:\/\/dralidiaendocrinologista.com.br\/index.php\/wp-json\/wp\/v2\/pages\/392","targetHints":{"allow":["GET"]}}],"collection":[{"href":"https:\/\/dralidiaendocrinologista.com.br\/index.php\/wp-json\/wp\/v2\/pages"}],"about":[{"href":"https:\/\/dralidiaendocrinologista.com.br\/index.php\/wp-json\/wp\/v2\/types\/page"}],"author":[{"embeddable":true,"href":"https:\/\/dralidiaendocrinologista.com.br\/index.php\/wp-json\/wp\/v2\/users\/1"}],"replies":[{"embeddable":true,"href":"https:\/\/dralidiaendocrinologista.com.br\/index.php\/wp-json\/wp\/v2\/comments?post=392"}],"version-history":[{"count":28,"href":"https:\/\/dralidiaendocrinologista.com.br\/index.php\/wp-json\/wp\/v2\/pages\/392\/revisions"}],"predecessor-version":[{"id":1379,"href":"https:\/\/dralidiaendocrinologista.com.br\/index.php\/wp-json\/wp\/v2\/pages\/392\/revisions\/1379"}],"wp:attachment":[{"href":"https:\/\/dralidiaendocrinologista.com.br\/index.php\/wp-json\/wp\/v2\/media?parent=392"}],"curies":[{"name":"wp","href":"https:\/\/api.w.org\/{rel}","templated":true}]}}