{"id":266,"date":"2023-04-26T09:25:07","date_gmt":"2023-04-26T12:25:07","guid":{"rendered":"https:\/\/dralidiaendocrinologista.com.br\/?page_id=266"},"modified":"2025-04-15T12:53:28","modified_gmt":"2025-04-15T15:53:28","slug":"sobre-mim","status":"publish","type":"page","link":"https:\/\/dralidiaendocrinologista.com.br\/index.php\/sobre-mim\/","title":{"rendered":"Sobre mim"},"content":{"rendered":"\t\t<div data-elementor-type=\"wp-page\" data-elementor-id=\"266\" class=\"elementor elementor-266\">\n\t\t\t\t<div class=\"elementor-element elementor-element-3c281fd e-con-full e-flex e-con e-parent\" data-id=\"3c281fd\" data-element_type=\"container\">\n\t\t<div class=\"elementor-element elementor-element-bbefe0c e-con-full e-flex e-con e-child\" data-id=\"bbefe0c\" data-element_type=\"container\">\n\t\t\t\t<div class=\"elementor-element elementor-element-40b9e7a exad-sticky-section-no exad-glass-effect-no elementor-widget elementor-widget-heading\" data-id=\"40b9e7a\" data-element_type=\"widget\" data-widget_type=\"heading.default\">\n\t\t\t\t<div class=\"elementor-widget-container\">\n\t\t\t\t\t<h2 class=\"elementor-heading-title elementor-size-default\">Sobre mim<\/h2>\t\t\t\t<\/div>\n\t\t\t\t<\/div>\n\t\t\t\t<div class=\"elementor-element elementor-element-b122548 elementor-align-left elementor-widget__width-initial elementor-mobile-align-center exad-sticky-section-no exad-glass-effect-no elementor-widget elementor-widget-button\" data-id=\"b122548\" data-element_type=\"widget\" data-widget_type=\"button.default\">\n\t\t\t\t<div class=\"elementor-widget-container\">\n\t\t\t\t\t\t\t\t\t<div class=\"elementor-button-wrapper\">\n\t\t\t\t\t<a class=\"elementor-button elementor-button-link elementor-size-sm elementor-animation-pulse\" href=\"http:\/\/wa.me\/+5567981657885\">\n\t\t\t\t\t\t<span class=\"elementor-button-content-wrapper\">\n\t\t\t\t\t\t<span class=\"elementor-button-icon\">\n\t\t\t\t<i aria-hidden=\"true\" class=\"fab fa-whatsapp\"><\/i>\t\t\t<\/span>\n\t\t\t\t\t\t\t\t\t<span class=\"elementor-button-text\">Agendar consulta<\/span>\n\t\t\t\t\t<\/span>\n\t\t\t\t\t<\/a>\n\t\t\t\t<\/div>\n\t\t\t\t\t\t\t\t<\/div>\n\t\t\t\t<\/div>\n\t\t\t\t<div class=\"elementor-element elementor-element-9cdb0ad exad-sticky-section-no exad-glass-effect-no elementor-widget elementor-widget-text-editor\" data-id=\"9cdb0ad\" data-element_type=\"widget\" data-widget_type=\"text-editor.default\">\n\t\t\t\t<div class=\"elementor-widget-container\">\n\t\t\t\t\t\t\t\t\t<p>Sou m\u00e9dica endocrinologista\u00a0formada pela <span style=\"font-weight: bold;\">Universidade Federal de Mato Grosso do Sul (UFMS)<\/span>, com forma\u00e7\u00e3o complementar pela <span style=\"font-weight: bold;\">University of Manitoba (Canad\u00e1)<\/span>. No exterior, realizei estudos nos campos de fisiologia humana e psicologia, al\u00e9m de est\u00e1gio em pesquisa experimental.<\/p><p>Ap\u00f3s meu retorno ao Brasil, realizei programa de resid\u00eancia m\u00e9dica em cl\u00ednica m\u00e9dica na <span style=\"font-weight: bold;\">Universidade de S\u00e3o Paulo (USP)<\/span> e Endocrinologia e Metabologia no <span style=\"font-weight: bold;\">IAMSPE<\/span>. Desde ent\u00e3o realizo atendimentos presenciais e online com foco nas altera\u00e7\u00f5es hormonais e emagrecimento saud\u00e1vel de <strong><span style=\"color: var(--e-global-color-primary);\">adultos e crian\u00e7as<\/span><\/strong>. Ao longo dessa jornada j\u00e1 realizei <span style=\"font-weight: bold;\">mais de 3500 atendimentos<\/span> na \u00e1rea de endocrinologia.<\/p><p>Fundei o grupo de estudos em Sa\u00fade e Espiritualidade da Universidade Federal de Mato Grosso do Sul e busquei difundir, ao longo dos anos, a import\u00e2ncia da valoriza\u00e7\u00e3o da espiritualidade de cada paciente para um cuidado integral.<\/p><p>Publiquei diversos artigos cient\u00edficos em revistas de renome como a <span style=\"font-weight: bold;\">Medical Education e o Journal of General Internal Medicine<\/span>, al\u00e9m de ter tido a oportunidade de organizar o livro <span style=\"font-weight: bold;\">\u201cUma nova medicina para um novo mil\u00eanio: a humaniza\u00e7\u00e3o do ensino m\u00e9dico\u201d<\/span> e redigir cap\u00edtulos de livros, como o que consta no livro <span style=\"font-weight: bold;\">Religion, Spirituality and Health: A Social Scientific Approach<\/span>, publicado em 2019 pela editora Springer.<\/p><p>Meu encanto pelo campo da educa\u00e7\u00e3o se reflete de uma maneira muito importante em meus atendimentos. Busco explicar aos pacientes todas as altera\u00e7\u00f5es presentes e sanar todas as suas d\u00favidas. Entendo a pr\u00e1tica da medicina como uma parceria muito especial com meus pacientes, onde a troca \u00e9 constante e onde qualquer estrat\u00e9gia ou terap\u00eautica realizada tenha sempre ele como centro.<\/p>\t\t\t\t\t\t\t\t<\/div>\n\t\t\t\t<\/div>\n\t\t\t\t<div class=\"elementor-element elementor-element-30d97ee exad-sticky-section-no exad-glass-effect-no elementor-widget elementor-widget-heading\" data-id=\"30d97ee\" data-element_type=\"widget\" data-widget_type=\"heading.default\">\n\t\t\t\t<div class=\"elementor-widget-container\">\n\t\t\t\t\t<h3 class=\"elementor-heading-title elementor-size-default\">Qualifica\u00e7\u00f5es<\/h3>\t\t\t\t<\/div>\n\t\t\t\t<\/div>\n\t\t\t\t<div class=\"elementor-element elementor-element-ec32f31 exad-sticky-section-no exad-glass-effect-no elementor-widget elementor-widget-text-editor\" data-id=\"ec32f31\" data-element_type=\"widget\" data-widget_type=\"text-editor.default\">\n\t\t\t\t<div class=\"elementor-widget-container\">\n\t\t\t\t\t\t\t\t\t<ul><li class=\"elementor-heading-title elementor-size-default elementor-inline-editing pen\" style=\"font-size: 15px; line-height: 24px; letter-spacing: 1.2px; text-align: justify; color: #3e3e3e;\" spellcheck=\"false\" data-elementor-setting-key=\"title\" data-pen-placeholder=\"Digite aqui...\" data-ms-editor=\"true\">Gradua\u00e7\u00e3o em Medicina pela Universidade Federal de Mato Grosso do Sul (UFMS)<\/li><li class=\"elementor-heading-title elementor-size-default elementor-inline-editing pen\" style=\"font-size: 15px; line-height: 24px; letter-spacing: 1.2px; text-align: justify; color: #3e3e3e;\" spellcheck=\"false\" data-elementor-setting-key=\"title\" data-pen-placeholder=\"Digite aqui...\" data-ms-editor=\"true\">Forma\u00e7\u00e3o complementar University of Manitoba (Canad\u00e1)<\/li><li class=\"elementor-heading-title elementor-size-default elementor-inline-editing pen\" style=\"font-size: 15px; line-height: 24px; letter-spacing: 1.2px; text-align: justify; color: #3e3e3e;\" spellcheck=\"false\" data-elementor-setting-key=\"title\" data-pen-placeholder=\"Digite aqui...\" data-ms-editor=\"true\">Resid\u00eancia M\u00e9dica em Cl\u00ednica M\u00e9dica USP SP<\/li><li class=\"elementor-heading-title elementor-size-default elementor-inline-editing pen\" style=\"font-size: 15px; line-height: 24px; letter-spacing: 1.2px; text-align: justify; color: #3e3e3e;\" spellcheck=\"false\" data-elementor-setting-key=\"title\" data-pen-placeholder=\"Digite aqui...\" data-ms-editor=\"true\">Endocrinologista e Metabologista pelo IAMSPE<\/li><li class=\"elementor-heading-title elementor-size-default elementor-inline-editing pen\" style=\"font-size: 15px; line-height: 24px; letter-spacing: 1.2px; text-align: justify; color: #3e3e3e;\" spellcheck=\"false\" data-elementor-setting-key=\"title\" data-pen-placeholder=\"Digite aqui...\" data-ms-editor=\"true\">Diversos artigos cient\u00edficos publicados na \u00e1rea de Educa\u00e7\u00e3o e Sa\u00fade e Espiritualidade<\/li><li class=\"elementor-heading-title elementor-size-default elementor-inline-editing pen\" style=\"font-size: 15px; line-height: 24px; letter-spacing: 1.2px; text-align: justify; color: #3e3e3e;\" spellcheck=\"false\" data-elementor-setting-key=\"title\" data-pen-placeholder=\"Digite aqui...\" data-ms-editor=\"true\">Livro publicado &#8220;Uma nova medicina para um novo mil\u00eanio: a humaniza\u00e7\u00e3o do ensino m\u00e9dico&#8221;<\/li><li class=\"elementor-heading-title elementor-size-default elementor-inline-editing pen\" style=\"font-size: 15px; line-height: 24px; letter-spacing: 1.2px; text-align: justify; color: #3e3e3e;\" spellcheck=\"false\" data-elementor-setting-key=\"title\" data-pen-placeholder=\"Digite aqui...\" data-ms-editor=\"true\"><strong>Mais de 3500 atendimentos na \u00e1rea da endocrinologia<\/strong><\/li><\/ul>\t\t\t\t\t\t\t\t<\/div>\n\t\t\t\t<\/div>\n\t\t<div class=\"elementor-element elementor-element-bede190 elementor-hidden-desktop elementor-hidden-tablet e-flex e-con-boxed e-con e-child\" data-id=\"bede190\" data-element_type=\"container\">\n\t\t\t\t\t<div class=\"e-con-inner\">\n\t\t\t\t<div class=\"exad-link-anything-wrapper elementor-element elementor-element-ebf21e0 exad-sticky-section-no exad-glass-effect-no elementor-widget elementor-widget-image\" data-exad-element-link=\"{&quot;url&quot;:&quot;http:\\\/\\\/lattes.cnpq.br\\\/7700296559348645&quot;,&quot;is_external&quot;:&quot;&quot;,&quot;nofollow&quot;:&quot;&quot;,&quot;custom_attributes&quot;:&quot;&quot;}\" style=\"cursor: pointer\" data-id=\"ebf21e0\" data-element_type=\"widget\" data-widget_type=\"image.default\">\n\t\t\t\t<div class=\"elementor-widget-container\">\n\t\t\t\t\t\t\t\t\t\t\t\t\t\t\t<img decoding=\"async\" width=\"42\" height=\"48\" data-src=\"https:\/\/dralidiaendocrinologista.com.br\/wp-content\/uploads\/2023\/04\/curriculo-endocrinologia.png\" class=\"attachment-large size-large wp-image-283 lazyload\" alt=\"\" src=\"data:image\/gif;base64,R0lGODlhAQABAAAAACH5BAEKAAEALAAAAAABAAEAAAICTAEAOw==\" style=\"--smush-placeholder-width: 42px; --smush-placeholder-aspect-ratio: 42\/48;\" \/>\t\t\t\t\t\t\t\t\t\t\t\t\t\t\t<\/div>\n\t\t\t\t<\/div>\n\t\t\t\t<div class=\"elementor-element elementor-element-01bf359 exad-sticky-section-no exad-glass-effect-no elementor-widget elementor-widget-heading\" data-id=\"01bf359\" data-element_type=\"widget\" data-widget_type=\"heading.default\">\n\t\t\t\t<div class=\"elementor-widget-container\">\n\t\t\t\t\t<h2 class=\"elementor-heading-title elementor-size-default\"><a href=\"http:\/\/lattes.cnpq.br\/7700296559348645\">Curriculo lattes<\/a><\/h2>\t\t\t\t<\/div>\n\t\t\t\t<\/div>\n\t\t\t\t\t<\/div>\n\t\t\t\t<\/div>\n\t\t\t\t<\/div>\n\t\t<div class=\"elementor-element elementor-element-e3dd171 e-con-full e-flex e-con e-child\" data-id=\"e3dd171\" data-element_type=\"container\">\n\t\t\t\t<div class=\"elementor-element elementor-element-5130b0e exad-sticky-section-no exad-glass-effect-no elementor-widget elementor-widget-image\" data-id=\"5130b0e\" data-element_type=\"widget\" data-widget_type=\"image.default\">\n\t\t\t\t<div class=\"elementor-widget-container\">\n\t\t\t\t\t\t\t\t\t\t\t\t\t\t\t<img fetchpriority=\"high\" decoding=\"async\" width=\"558\" height=\"869\" src=\"https:\/\/dralidiaendocrinologista.com.br\/wp-content\/uploads\/2025\/04\/Foto-home-inicial.-scaled-1.jpg\" class=\"attachment-full size-full wp-image-1312\" alt=\"\" srcset=\"https:\/\/dralidiaendocrinologista.com.br\/wp-content\/uploads\/2025\/04\/Foto-home-inicial.-scaled-1.jpg 558w, https:\/\/dralidiaendocrinologista.com.br\/wp-content\/uploads\/2025\/04\/Foto-home-inicial.-scaled-1-193x300.jpg 193w\" sizes=\"(max-width: 558px) 100vw, 558px\" \/>\t\t\t\t\t\t\t\t\t\t\t\t\t\t\t<\/div>\n\t\t\t\t<\/div>\n\t\t\t\t<\/div>\n\t\t\t\t<\/div>\n\t\t<div class=\"elementor-element elementor-element-dd7d2e8 elementor-hidden-mobile e-flex e-con-boxed e-con e-parent\" data-id=\"dd7d2e8\" data-element_type=\"container\">\n\t\t\t\t\t<div class=\"e-con-inner\">\n\t\t<div class=\"elementor-element elementor-element-9f5a96a e-flex e-con-boxed e-con e-child\" data-id=\"9f5a96a\" data-element_type=\"container\">\n\t\t\t\t\t<div class=\"e-con-inner\">\n\t\t\t\t<div class=\"exad-link-anything-wrapper elementor-element elementor-element-11a12ea exad-sticky-section-no exad-glass-effect-no elementor-widget elementor-widget-image\" data-exad-element-link=\"{&quot;url&quot;:&quot;http:\\\/\\\/lattes.cnpq.br\\\/7700296559348645&quot;,&quot;is_external&quot;:&quot;&quot;,&quot;nofollow&quot;:&quot;&quot;,&quot;custom_attributes&quot;:&quot;&quot;}\" style=\"cursor: pointer\" data-id=\"11a12ea\" data-element_type=\"widget\" data-widget_type=\"image.default\">\n\t\t\t\t<div class=\"elementor-widget-container\">\n\t\t\t\t\t\t\t\t\t\t\t\t\t\t\t<img decoding=\"async\" width=\"42\" height=\"48\" data-src=\"https:\/\/dralidiaendocrinologista.com.br\/wp-content\/uploads\/2023\/04\/curriculo-endocrinologia.png\" class=\"attachment-large size-large wp-image-283 lazyload\" alt=\"\" src=\"data:image\/gif;base64,R0lGODlhAQABAAAAACH5BAEKAAEALAAAAAABAAEAAAICTAEAOw==\" style=\"--smush-placeholder-width: 42px; --smush-placeholder-aspect-ratio: 42\/48;\" \/>\t\t\t\t\t\t\t\t\t\t\t\t\t\t\t<\/div>\n\t\t\t\t<\/div>\n\t\t\t\t<div class=\"elementor-element elementor-element-cde1768 exad-sticky-section-no exad-glass-effect-no elementor-widget elementor-widget-heading\" data-id=\"cde1768\" data-element_type=\"widget\" data-settings=\"{&quot;_animation&quot;:&quot;none&quot;}\" data-widget_type=\"heading.default\">\n\t\t\t\t<div class=\"elementor-widget-container\">\n\t\t\t\t\t<h2 class=\"elementor-heading-title elementor-size-default\"><a href=\"http:\/\/lattes.cnpq.br\/7700296559348645\">Curriculo Lattes<\/a><\/h2>\t\t\t\t<\/div>\n\t\t\t\t<\/div>\n\t\t\t\t\t<\/div>\n\t\t\t\t<\/div>\n\t\t\t\t\t<\/div>\n\t\t\t\t<\/div>\n\t\t\t\t<\/div>\n\t\t","protected":false},"excerpt":{"rendered":"<p>Sobre mim Agendar consulta Sou m\u00e9dica endocrinologista\u00a0formada pela Universidade Federal de Mato Grosso do Sul (UFMS), com forma\u00e7\u00e3o complementar pela University of Manitoba (Canad\u00e1). No exterior, realizei estudos nos campos de fisiologia humana e psicologia, al\u00e9m de est\u00e1gio em pesquisa experimental. Ap\u00f3s meu retorno ao Brasil, realizei programa de resid\u00eancia m\u00e9dica em cl\u00ednica m\u00e9dica na [&hellip;]<\/p>\n","protected":false},"author":1,"featured_media":0,"parent":0,"menu_order":0,"comment_status":"closed","ping_status":"closed","template":"elementor_header_footer","meta":{"_themeisle_gutenberg_block_has_review":false,"footnotes":""},"class_list":["post-266","page","type-page","status-publish","hentry"],"yoast_head":"<!-- This site is optimized with the Yoast SEO plugin v24.9 - https:\/\/yoast.com\/wordpress\/plugins\/seo\/ -->\n<title>Sobre mim - Dra. L\u00eddia Gon\u00e7alves - Endocrinologista Campo Grande - MS<\/title>\n<meta name=\"description\" content=\"Atendimento de adultos e crian\u00e7as com foco em altera\u00e7\u00f5es hormonais e emagrecimento\" \/>\n<meta name=\"robots\" content=\"index, follow, max-snippet:-1, max-image-preview:large, max-video-preview:-1\" \/>\n<link rel=\"canonical\" href=\"https:\/\/dralidiaendocrinologista.com.br\/index.php\/sobre-mim\/\" \/>\n<meta property=\"og:locale\" content=\"pt_BR\" \/>\n<meta property=\"og:type\" content=\"article\" \/>\n<meta property=\"og:title\" content=\"Sobre mim - Dra. L\u00eddia Gon\u00e7alves - Endocrinologista Campo Grande - MS\" \/>\n<meta property=\"og:description\" content=\"Atendimento de adultos e crian\u00e7as com foco em altera\u00e7\u00f5es hormonais e emagrecimento\" \/>\n<meta property=\"og:url\" content=\"https:\/\/dralidiaendocrinologista.com.br\/index.php\/sobre-mim\/\" \/>\n<meta property=\"og:site_name\" content=\"Dra. L\u00eddia Gon\u00e7alves - Endocrinologista Campo Grande - MS\" \/>\n<meta property=\"article:modified_time\" content=\"2025-04-15T15:53:28+00:00\" \/>\n<meta property=\"og:image\" content=\"https:\/\/dralidiaendocrinologista.com.br\/wp-content\/uploads\/2023\/04\/curriculo-endocrinologia.png\" \/>\n\t<meta property=\"og:image:width\" content=\"42\" \/>\n\t<meta property=\"og:image:height\" content=\"48\" \/>\n\t<meta property=\"og:image:type\" content=\"image\/png\" \/>\n<meta name=\"twitter:card\" content=\"summary_large_image\" \/>\n<meta name=\"twitter:label1\" content=\"Est. tempo de leitura\" \/>\n\t<meta name=\"twitter:data1\" content=\"3 minutos\" \/>\n<script type=\"application\/ld+json\" class=\"yoast-schema-graph\">{\"@context\":\"https:\/\/schema.org\",\"@graph\":[{\"@type\":\"WebPage\",\"@id\":\"https:\/\/dralidiaendocrinologista.com.br\/index.php\/sobre-mim\/\",\"url\":\"https:\/\/dralidiaendocrinologista.com.br\/index.php\/sobre-mim\/\",\"name\":\"Sobre mim - Dra. L\u00eddia Gon\u00e7alves - Endocrinologista Campo Grande - MS\",\"isPartOf\":{\"@id\":\"https:\/\/dralidiaendocrinologista.com.br\/#website\"},\"primaryImageOfPage\":{\"@id\":\"https:\/\/dralidiaendocrinologista.com.br\/index.php\/sobre-mim\/#primaryimage\"},\"image\":{\"@id\":\"https:\/\/dralidiaendocrinologista.com.br\/index.php\/sobre-mim\/#primaryimage\"},\"thumbnailUrl\":\"http:\/\/dralidiaendocrinologista.com.br\/wp-content\/uploads\/2023\/04\/curriculo-endocrinologia.png\",\"datePublished\":\"2023-04-26T12:25:07+00:00\",\"dateModified\":\"2025-04-15T15:53:28+00:00\",\"description\":\"Atendimento de adultos e crian\u00e7as com foco em altera\u00e7\u00f5es hormonais e emagrecimento\",\"breadcrumb\":{\"@id\":\"https:\/\/dralidiaendocrinologista.com.br\/index.php\/sobre-mim\/#breadcrumb\"},\"inLanguage\":\"pt-BR\",\"potentialAction\":[{\"@type\":\"ReadAction\",\"target\":[\"https:\/\/dralidiaendocrinologista.com.br\/index.php\/sobre-mim\/\"]}]},{\"@type\":\"ImageObject\",\"inLanguage\":\"pt-BR\",\"@id\":\"https:\/\/dralidiaendocrinologista.com.br\/index.php\/sobre-mim\/#primaryimage\",\"url\":\"http:\/\/dralidiaendocrinologista.com.br\/wp-content\/uploads\/2023\/04\/curriculo-endocrinologia.png\",\"contentUrl\":\"http:\/\/dralidiaendocrinologista.com.br\/wp-content\/uploads\/2023\/04\/curriculo-endocrinologia.png\"},{\"@type\":\"BreadcrumbList\",\"@id\":\"https:\/\/dralidiaendocrinologista.com.br\/index.php\/sobre-mim\/#breadcrumb\",\"itemListElement\":[{\"@type\":\"ListItem\",\"position\":1,\"name\":\"In\u00edcio\",\"item\":\"https:\/\/dralidiaendocrinologista.com.br\/\"},{\"@type\":\"ListItem\",\"position\":2,\"name\":\"Sobre mim\"}]},{\"@type\":\"WebSite\",\"@id\":\"https:\/\/dralidiaendocrinologista.com.br\/#website\",\"url\":\"https:\/\/dralidiaendocrinologista.com.br\/\",\"name\":\"Dra. L\u00eddia Gon\u00e7alves - Endocrinologista Campo Grande - MS\",\"description\":\"Atendimento de adultos e crian\u00e7as, presencial e por telemedicina\",\"publisher\":{\"@id\":\"https:\/\/dralidiaendocrinologista.com.br\/#organization\"},\"potentialAction\":[{\"@type\":\"SearchAction\",\"target\":{\"@type\":\"EntryPoint\",\"urlTemplate\":\"https:\/\/dralidiaendocrinologista.com.br\/?s={search_term_string}\"},\"query-input\":{\"@type\":\"PropertyValueSpecification\",\"valueRequired\":true,\"valueName\":\"search_term_string\"}}],\"inLanguage\":\"pt-BR\"},{\"@type\":\"Organization\",\"@id\":\"https:\/\/dralidiaendocrinologista.com.br\/#organization\",\"name\":\"Dra. L\u00eddia Gon\u00e7alves - Endocrinologista Campo Grande - MS\",\"url\":\"https:\/\/dralidiaendocrinologista.com.br\/\",\"logo\":{\"@type\":\"ImageObject\",\"inLanguage\":\"pt-BR\",\"@id\":\"https:\/\/dralidiaendocrinologista.com.br\/#\/schema\/logo\/image\/\",\"url\":\"https:\/\/dralidiaendocrinologista.com.br\/wp-content\/uploads\/2023\/03\/cropped-Dra02-e1683662967580.png\",\"contentUrl\":\"https:\/\/dralidiaendocrinologista.com.br\/wp-content\/uploads\/2023\/03\/cropped-Dra02-e1683662967580.png\",\"width\":142,\"height\":72,\"caption\":\"Dra. L\u00eddia Gon\u00e7alves - Endocrinologista Campo Grande - MS\"},\"image\":{\"@id\":\"https:\/\/dralidiaendocrinologista.com.br\/#\/schema\/logo\/image\/\"}}]}<\/script>\n<!-- \/ Yoast SEO plugin. -->","yoast_head_json":{"title":"Sobre mim - Dra. L\u00eddia Gon\u00e7alves - Endocrinologista Campo Grande - MS","description":"Atendimento de adultos e crian\u00e7as com foco em altera\u00e7\u00f5es hormonais e emagrecimento","robots":{"index":"index","follow":"follow","max-snippet":"max-snippet:-1","max-image-preview":"max-image-preview:large","max-video-preview":"max-video-preview:-1"},"canonical":"https:\/\/dralidiaendocrinologista.com.br\/index.php\/sobre-mim\/","og_locale":"pt_BR","og_type":"article","og_title":"Sobre mim - Dra. L\u00eddia Gon\u00e7alves - Endocrinologista Campo Grande - MS","og_description":"Atendimento de adultos e crian\u00e7as com foco em altera\u00e7\u00f5es hormonais e emagrecimento","og_url":"https:\/\/dralidiaendocrinologista.com.br\/index.php\/sobre-mim\/","og_site_name":"Dra. L\u00eddia Gon\u00e7alves - Endocrinologista Campo Grande - MS","article_modified_time":"2025-04-15T15:53:28+00:00","og_image":[{"width":42,"height":48,"url":"https:\/\/dralidiaendocrinologista.com.br\/wp-content\/uploads\/2023\/04\/curriculo-endocrinologia.png","type":"image\/png"}],"twitter_card":"summary_large_image","twitter_misc":{"Est. tempo de leitura":"3 minutos"},"schema":{"@context":"https:\/\/schema.org","@graph":[{"@type":"WebPage","@id":"https:\/\/dralidiaendocrinologista.com.br\/index.php\/sobre-mim\/","url":"https:\/\/dralidiaendocrinologista.com.br\/index.php\/sobre-mim\/","name":"Sobre mim - Dra. L\u00eddia Gon\u00e7alves - Endocrinologista Campo Grande - MS","isPartOf":{"@id":"https:\/\/dralidiaendocrinologista.com.br\/#website"},"primaryImageOfPage":{"@id":"https:\/\/dralidiaendocrinologista.com.br\/index.php\/sobre-mim\/#primaryimage"},"image":{"@id":"https:\/\/dralidiaendocrinologista.com.br\/index.php\/sobre-mim\/#primaryimage"},"thumbnailUrl":"http:\/\/dralidiaendocrinologista.com.br\/wp-content\/uploads\/2023\/04\/curriculo-endocrinologia.png","datePublished":"2023-04-26T12:25:07+00:00","dateModified":"2025-04-15T15:53:28+00:00","description":"Atendimento de adultos e crian\u00e7as com foco em altera\u00e7\u00f5es hormonais e emagrecimento","breadcrumb":{"@id":"https:\/\/dralidiaendocrinologista.com.br\/index.php\/sobre-mim\/#breadcrumb"},"inLanguage":"pt-BR","potentialAction":[{"@type":"ReadAction","target":["https:\/\/dralidiaendocrinologista.com.br\/index.php\/sobre-mim\/"]}]},{"@type":"ImageObject","inLanguage":"pt-BR","@id":"https:\/\/dralidiaendocrinologista.com.br\/index.php\/sobre-mim\/#primaryimage","url":"http:\/\/dralidiaendocrinologista.com.br\/wp-content\/uploads\/2023\/04\/curriculo-endocrinologia.png","contentUrl":"http:\/\/dralidiaendocrinologista.com.br\/wp-content\/uploads\/2023\/04\/curriculo-endocrinologia.png"},{"@type":"BreadcrumbList","@id":"https:\/\/dralidiaendocrinologista.com.br\/index.php\/sobre-mim\/#breadcrumb","itemListElement":[{"@type":"ListItem","position":1,"name":"In\u00edcio","item":"https:\/\/dralidiaendocrinologista.com.br\/"},{"@type":"ListItem","position":2,"name":"Sobre mim"}]},{"@type":"WebSite","@id":"https:\/\/dralidiaendocrinologista.com.br\/#website","url":"https:\/\/dralidiaendocrinologista.com.br\/","name":"Dra. L\u00eddia Gon\u00e7alves - Endocrinologista Campo Grande - MS","description":"Atendimento de adultos e crian\u00e7as, presencial e por telemedicina","publisher":{"@id":"https:\/\/dralidiaendocrinologista.com.br\/#organization"},"potentialAction":[{"@type":"SearchAction","target":{"@type":"EntryPoint","urlTemplate":"https:\/\/dralidiaendocrinologista.com.br\/?s={search_term_string}"},"query-input":{"@type":"PropertyValueSpecification","valueRequired":true,"valueName":"search_term_string"}}],"inLanguage":"pt-BR"},{"@type":"Organization","@id":"https:\/\/dralidiaendocrinologista.com.br\/#organization","name":"Dra. L\u00eddia Gon\u00e7alves - Endocrinologista Campo Grande - MS","url":"https:\/\/dralidiaendocrinologista.com.br\/","logo":{"@type":"ImageObject","inLanguage":"pt-BR","@id":"https:\/\/dralidiaendocrinologista.com.br\/#\/schema\/logo\/image\/","url":"https:\/\/dralidiaendocrinologista.com.br\/wp-content\/uploads\/2023\/03\/cropped-Dra02-e1683662967580.png","contentUrl":"https:\/\/dralidiaendocrinologista.com.br\/wp-content\/uploads\/2023\/03\/cropped-Dra02-e1683662967580.png","width":142,"height":72,"caption":"Dra. L\u00eddia Gon\u00e7alves - Endocrinologista Campo Grande - MS"},"image":{"@id":"https:\/\/dralidiaendocrinologista.com.br\/#\/schema\/logo\/image\/"}}]}},"_links":{"self":[{"href":"https:\/\/dralidiaendocrinologista.com.br\/index.php\/wp-json\/wp\/v2\/pages\/266","targetHints":{"allow":["GET"]}}],"collection":[{"href":"https:\/\/dralidiaendocrinologista.com.br\/index.php\/wp-json\/wp\/v2\/pages"}],"about":[{"href":"https:\/\/dralidiaendocrinologista.com.br\/index.php\/wp-json\/wp\/v2\/types\/page"}],"author":[{"embeddable":true,"href":"https:\/\/dralidiaendocrinologista.com.br\/index.php\/wp-json\/wp\/v2\/users\/1"}],"replies":[{"embeddable":true,"href":"https:\/\/dralidiaendocrinologista.com.br\/index.php\/wp-json\/wp\/v2\/comments?post=266"}],"version-history":[{"count":44,"href":"https:\/\/dralidiaendocrinologista.com.br\/index.php\/wp-json\/wp\/v2\/pages\/266\/revisions"}],"predecessor-version":[{"id":1426,"href":"https:\/\/dralidiaendocrinologista.com.br\/index.php\/wp-json\/wp\/v2\/pages\/266\/revisions\/1426"}],"wp:attachment":[{"href":"https:\/\/dralidiaendocrinologista.com.br\/index.php\/wp-json\/wp\/v2\/media?parent=266"}],"curies":[{"name":"wp","href":"https:\/\/api.w.org\/{rel}","templated":true}]}}